{"id":14436,"date":"2025-03-08T11:26:41","date_gmt":"2025-03-08T09:26:41","guid":{"rendered":"https:\/\/lisaroberts.fi\/?page_id=14436"},"modified":"2025-03-08T20:04:02","modified_gmt":"2025-03-08T18:04:02","slug":"medium-rare-books-prints","status":"publish","type":"page","link":"https:\/\/lisaroberts.fi\/?page_id=14436","title":{"rendered":"Introducing &#8230;"},"content":{"rendered":"\n<figure class=\"wp-block-image is-resized\" id=\"block-6ff6b836-056f-4108-a4d5-1be173ecead2\"><img decoding=\"async\" src=\"https:\/\/lisaroberts.fi\/wp-content\/uploads\/2025\/03\/Untitled-design2.png\" alt=\"This image has an empty alt attribute; its file name is Untitled-design2.png\" style=\"width:381px;height:auto\"\/><\/figure>\n\n\n\n<p id=\"block-9247e4f5-ced8-49c5-bf8d-67a06fb8429c\">Medium-Rare is an independent bookseller whose aim is to increase the availability of quality used books, reduce the need to buy new and, in some small way, provide an alternative to Amazon and its subsidiaries. I source quality fiction and non-fiction First Editions and Rare books in Swedish\/Finnish\/English and sell them locally and online at affordable prices. If you have surplus books or want to browse in person, get in touch. 041 750 2687 \/ books@lisaroberts.fi<\/p>\n\n\n\n<p>Medium-Rare \u00e4r en oberoende bokhandel vars m\u00e5l \u00e4r att \u00f6ka tillg\u00e5ngen p\u00e5 begagnade kvalitetsb\u00f6cker, minska behovet av att k\u00f6pa nytt och p\u00e5 n\u00e5got s\u00e4tt utg\u00f6ra ett alternativ till Amazon och dess dotterbolag. Jag k\u00f6per in kvalitetslitteratur, sk\u00f6nlitteratur och fackb\u00f6cker p\u00e5 svenska, finska och engelska och s\u00e4ljer dem lokalt och online till \u00f6verkomliga priser. Om du har \u00f6verskottsb\u00f6cker eller vill bl\u00e4ddra personligen, h\u00f6r av dig. 041 750 2687 \/ books@lisaroberts.fi<\/p>\n\n\n\n<p>Medium-Rare on riippumaton kirjakauppias, jonka tavoitteena on lis\u00e4t\u00e4 laadukkaiden k\u00e4ytettyjen kirjojen saatavuutta, v\u00e4hent\u00e4\u00e4 uusien kirjojen ostamisen tarvetta ja tarjota jollakin pienell\u00e4 tavalla vaihtoehto Amazonille ja sen tyt\u00e4ryhti\u00f6ille. Hankin laadukkaita kauno- ja tietokirjallisuuden ensimm\u00e4isi\u00e4 painoksia ja harvinaisia kirjoja ruotsiksi\/suomeksi\/englanniksi ja myyn niit\u00e4 paikallisesti ja verkossa edulliseen hintaan. Jos sinulla on ylij\u00e4\u00e4m\u00e4kirjoja tai haluat selata niit\u00e4 henkil\u00f6kohtaisesti, ota yhteytt\u00e4. 041 750 2687 \/ books@lisaroberts.fi<\/p>\n\n\n\n<p><\/p>\n\n\n\n<ul class=\"wp-block-social-links is-layout-flex wp-block-social-links-is-layout-flex\"><li class=\"wp-social-link wp-social-link-bluesky  wp-block-social-link\"><a href=\"https:\/\/bsky.app\/profile\/lisaroberts\" class=\"wp-block-social-link-anchor\"><svg width=\"24\" height=\"24\" viewBox=\"0 0 24 24\" version=\"1.1\" xmlns=\"http:\/\/www.w3.org\/2000\/svg\" aria-hidden=\"true\" focusable=\"false\"><path d=\"M6.3,4.2c2.3,1.7,4.8,5.3,5.7,7.2.9-1.9,3.4-5.4,5.7-7.2,1.7-1.3,4.3-2.2,4.3.9s-.4,5.2-.6,5.9c-.7,2.6-3.3,3.2-5.6,2.8,4,.7,5.1,3,2.9,5.3-5,5.2-6.7-2.8-6.7-2.8,0,0-1.7,8-6.7,2.8-2.2-2.3-1.2-4.6,2.9-5.3-2.3.4-4.9-.3-5.6-2.8-.2-.7-.6-5.3-.6-5.9,0-3.1,2.7-2.1,4.3-.9h0Z\"><\/path><\/svg><span class=\"wp-block-social-link-label screen-reader-text\">Bluesky<\/span><\/a><\/li>\n\n<li class=\"wp-social-link wp-social-link-whatsapp  wp-block-social-link\"><a href=\"https:\/\/041%20750%202687\" class=\"wp-block-social-link-anchor\"><svg width=\"24\" height=\"24\" viewBox=\"0 0 24 24\" version=\"1.1\" xmlns=\"http:\/\/www.w3.org\/2000\/svg\" aria-hidden=\"true\" focusable=\"false\"><path d=\"M 12.011719 2 C 6.5057187 2 2.0234844 6.478375 2.0214844 11.984375 C 2.0204844 13.744375 2.4814687 15.462563 3.3554688 16.976562 L 2 22 L 7.2324219 20.763672 C 8.6914219 21.559672 10.333859 21.977516 12.005859 21.978516 L 12.009766 21.978516 C 17.514766 21.978516 21.995047 17.499141 21.998047 11.994141 C 22.000047 9.3251406 20.962172 6.8157344 19.076172 4.9277344 C 17.190172 3.0407344 14.683719 2.001 12.011719 2 z M 12.009766 4 C 14.145766 4.001 16.153109 4.8337969 17.662109 6.3417969 C 19.171109 7.8517969 20.000047 9.8581875 19.998047 11.992188 C 19.996047 16.396187 16.413812 19.978516 12.007812 19.978516 C 10.674812 19.977516 9.3544062 19.642812 8.1914062 19.007812 L 7.5175781 18.640625 L 6.7734375 18.816406 L 4.8046875 19.28125 L 5.2851562 17.496094 L 5.5019531 16.695312 L 5.0878906 15.976562 C 4.3898906 14.768562 4.0204844 13.387375 4.0214844 11.984375 C 4.0234844 7.582375 7.6067656 4 12.009766 4 z M 8.4765625 7.375 C 8.3095625 7.375 8.0395469 7.4375 7.8105469 7.6875 C 7.5815469 7.9365 6.9355469 8.5395781 6.9355469 9.7675781 C 6.9355469 10.995578 7.8300781 12.182609 7.9550781 12.349609 C 8.0790781 12.515609 9.68175 15.115234 12.21875 16.115234 C 14.32675 16.946234 14.754891 16.782234 15.212891 16.740234 C 15.670891 16.699234 16.690438 16.137687 16.898438 15.554688 C 17.106437 14.971687 17.106922 14.470187 17.044922 14.367188 C 16.982922 14.263188 16.816406 14.201172 16.566406 14.076172 C 16.317406 13.951172 15.090328 13.348625 14.861328 13.265625 C 14.632328 13.182625 14.464828 13.140625 14.298828 13.390625 C 14.132828 13.640625 13.655766 14.201187 13.509766 14.367188 C 13.363766 14.534188 13.21875 14.556641 12.96875 14.431641 C 12.71875 14.305641 11.914938 14.041406 10.960938 13.191406 C 10.218937 12.530406 9.7182656 11.714844 9.5722656 11.464844 C 9.4272656 11.215844 9.5585938 11.079078 9.6835938 10.955078 C 9.7955938 10.843078 9.9316406 10.663578 10.056641 10.517578 C 10.180641 10.371578 10.223641 10.267562 10.306641 10.101562 C 10.389641 9.9355625 10.347156 9.7890625 10.285156 9.6640625 C 10.223156 9.5390625 9.737625 8.3065 9.515625 7.8125 C 9.328625 7.3975 9.131125 7.3878594 8.953125 7.3808594 C 8.808125 7.3748594 8.6425625 7.375 8.4765625 7.375 z\"><\/path><\/svg><span class=\"wp-block-social-link-label screen-reader-text\">WhatsApp<\/span><\/a><\/li>\n\n<li class=\"wp-social-link wp-social-link-mastodon  wp-block-social-link\"><a href=\"https:\/\/mastadon.social\/@LisaRoberts\" class=\"wp-block-social-link-anchor\"><svg width=\"24\" height=\"24\" viewBox=\"0 0 24 24\" version=\"1.1\" xmlns=\"http:\/\/www.w3.org\/2000\/svg\" aria-hidden=\"true\" focusable=\"false\"><path d=\"M23.193 7.879c0-5.206-3.411-6.732-3.411-6.732C18.062.357 15.108.025 12.041 0h-.076c-3.068.025-6.02.357-7.74 1.147 0 0-3.411 1.526-3.411 6.732 0 1.192-.023 2.618.015 4.129.124 5.092.934 10.109 5.641 11.355 2.17.574 4.034.695 5.535.612 2.722-.15 4.25-.972 4.25-.972l-.09-1.975s-1.945.613-4.129.539c-2.165-.074-4.449-.233-4.799-2.891a5.499 5.499 0 0 1-.048-.745s2.125.52 4.817.643c1.646.075 3.19-.097 4.758-.283 3.007-.359 5.625-2.212 5.954-3.905.517-2.665.475-6.507.475-6.507zm-4.024 6.709h-2.497V8.469c0-1.29-.543-1.944-1.628-1.944-1.2 0-1.802.776-1.802 2.312v3.349h-2.483v-3.35c0-1.536-.602-2.312-1.802-2.312-1.085 0-1.628.655-1.628 1.944v6.119H4.832V8.284c0-1.289.328-2.313.987-3.07.68-.758 1.569-1.146 2.674-1.146 1.278 0 2.246.491 2.886 1.474L12 6.585l.622-1.043c.64-.983 1.608-1.474 2.886-1.474 1.104 0 1.994.388 2.674 1.146.658.757.986 1.781.986 3.07v6.304z\"\/><\/svg><span class=\"wp-block-social-link-label screen-reader-text\">Mastodon<\/span><\/a><\/li><\/ul>\n\n\n\n<p><\/p>\n\n\n\n<p><\/p>\n\n\n\n<p><\/p>\n","protected":false},"excerpt":{"rendered":"<p>Medium-Rare is an independent bookseller whose aim is to increase the availability of quality used books, reduce the need to buy new and, in some small way, provide an alternative to Amazon and its subsidiaries. I source quality fiction and non-fiction First Editions and Rare books in Swedish\/Finnish\/English and sell them locally and online at &hellip; <a href=\"https:\/\/lisaroberts.fi\/?page_id=14436\" class=\"more-link\">Continue reading <span class=\"screen-reader-text\">Introducing &#8230;<\/span><\/a><\/p>\n","protected":false},"author":2,"featured_media":0,"parent":0,"menu_order":0,"comment_status":"open","ping_status":"closed","template":"","meta":{"footnotes":""},"class_list":["post-14436","page","type-page","status-publish","hentry"],"_links":{"self":[{"href":"https:\/\/lisaroberts.fi\/index.php?rest_route=\/wp\/v2\/pages\/14436","targetHints":{"allow":["GET"]}}],"collection":[{"href":"https:\/\/lisaroberts.fi\/index.php?rest_route=\/wp\/v2\/pages"}],"about":[{"href":"https:\/\/lisaroberts.fi\/index.php?rest_route=\/wp\/v2\/types\/page"}],"author":[{"embeddable":true,"href":"https:\/\/lisaroberts.fi\/index.php?rest_route=\/wp\/v2\/users\/2"}],"replies":[{"embeddable":true,"href":"https:\/\/lisaroberts.fi\/index.php?rest_route=%2Fwp%2Fv2%2Fcomments&post=14436"}],"version-history":[{"count":0,"href":"https:\/\/lisaroberts.fi\/index.php?rest_route=\/wp\/v2\/pages\/14436\/revisions"}],"wp:attachment":[{"href":"https:\/\/lisaroberts.fi\/index.php?rest_route=%2Fwp%2Fv2%2Fmedia&parent=14436"}],"curies":[{"name":"wp","href":"https:\/\/api.w.org\/{rel}","templated":true}]}}